{"id":488,"date":"2020-05-11T19:58:41","date_gmt":"2020-05-11T22:58:41","guid":{"rendered":"https:\/\/infofcf.webhostusp.sti.usp.br\/?page_id=488"},"modified":"2021-07-08T15:36:31","modified_gmt":"2021-07-08T18:36:31","slug":"farmanews","status":"publish","type":"page","link":"https:\/\/info.fcf.usp.br\/?page_id=488","title":{"rendered":"FARMANEWS"},"content":{"rendered":"\n<p style=\"font-size:25px\">Confira as \u00faltimas Edi\u00e7\u00f5es do Farmanews:<\/p>\n\n\n\n<div class=\"wp-block-group\"><div class=\"wp-block-group__inner-container is-layout-flow wp-block-group-is-layout-flow\">\n<div class=\"wp-block-group\"><div class=\"wp-block-group__inner-container is-layout-flow wp-block-group-is-layout-flow\"><ul class=\"wp-block-latest-posts__list is-grid columns-2 has-dates wp-block-latest-posts\"><li><div class=\"wp-block-latest-posts__featured-image aligncenter\"><img decoding=\"async\" width=\"300\" height=\"111\" src=\"https:\/\/info.fcf.usp.br\/wp-content\/uploads\/2024\/07\/tecnicoadministrativos-2-300x111.png\" class=\"attachment-medium size-medium wp-post-image\" alt=\"\" style=\"\" srcset=\"https:\/\/info.fcf.usp.br\/wp-content\/uploads\/2024\/07\/tecnicoadministrativos-2-300x111.png 300w, https:\/\/info.fcf.usp.br\/wp-content\/uploads\/2024\/07\/tecnicoadministrativos-2-1024x378.png 1024w, https:\/\/info.fcf.usp.br\/wp-content\/uploads\/2024\/07\/tecnicoadministrativos-2-150x55.png 150w, https:\/\/info.fcf.usp.br\/wp-content\/uploads\/2024\/07\/tecnicoadministrativos-2-768x283.png 768w, https:\/\/info.fcf.usp.br\/wp-content\/uploads\/2024\/07\/tecnicoadministrativos-2-1536x566.png 1536w, https:\/\/info.fcf.usp.br\/wp-content\/uploads\/2024\/07\/tecnicoadministrativos-2.png 1603w\" sizes=\"(max-width: 300px) 100vw, 300px\" \/><\/div><a class=\"wp-block-latest-posts__post-title\" href=\"https:\/\/info.fcf.usp.br\/?p=8946\">Portaria &#8211; Elei\u00e7\u00e3o de Representantes Discentes<\/a><time datetime=\"2024-07-19T16:37:06-03:00\" class=\"wp-block-latest-posts__post-date\">19 de julho de 2024<\/time><\/li>\n<li><div class=\"wp-block-latest-posts__featured-image aligncenter\"><img decoding=\"async\" width=\"300\" height=\"111\" src=\"https:\/\/info.fcf.usp.br\/wp-content\/uploads\/2024\/07\/coisa6-1-300x111.png\" class=\"attachment-medium size-medium wp-post-image\" alt=\"\" style=\"\" srcset=\"https:\/\/info.fcf.usp.br\/wp-content\/uploads\/2024\/07\/coisa6-1-300x111.png 300w, https:\/\/info.fcf.usp.br\/wp-content\/uploads\/2024\/07\/coisa6-1-1024x378.png 1024w, https:\/\/info.fcf.usp.br\/wp-content\/uploads\/2024\/07\/coisa6-1-150x55.png 150w, https:\/\/info.fcf.usp.br\/wp-content\/uploads\/2024\/07\/coisa6-1-768x283.png 768w, https:\/\/info.fcf.usp.br\/wp-content\/uploads\/2024\/07\/coisa6-1-1536x566.png 1536w, https:\/\/info.fcf.usp.br\/wp-content\/uploads\/2024\/07\/coisa6-1.png 1603w\" sizes=\"(max-width: 300px) 100vw, 300px\" \/><\/div><a class=\"wp-block-latest-posts__post-title\" href=\"https:\/\/info.fcf.usp.br\/?p=8933\">Concurso de Professor Doutor &#8211;  FBC<\/a><time datetime=\"2024-07-16T15:59:23-03:00\" class=\"wp-block-latest-posts__post-date\">16 de julho de 2024<\/time><\/li>\n<li><div class=\"wp-block-latest-posts__featured-image aligncenter\"><img decoding=\"async\" width=\"300\" height=\"111\" src=\"https:\/\/info.fcf.usp.br\/wp-content\/uploads\/2024\/07\/livre-docencia-300x111.png\" class=\"attachment-medium size-medium wp-post-image\" alt=\"\" style=\"\" srcset=\"https:\/\/info.fcf.usp.br\/wp-content\/uploads\/2024\/07\/livre-docencia-300x111.png 300w, https:\/\/info.fcf.usp.br\/wp-content\/uploads\/2024\/07\/livre-docencia-1024x378.png 1024w, https:\/\/info.fcf.usp.br\/wp-content\/uploads\/2024\/07\/livre-docencia-150x55.png 150w, https:\/\/info.fcf.usp.br\/wp-content\/uploads\/2024\/07\/livre-docencia-768x283.png 768w, https:\/\/info.fcf.usp.br\/wp-content\/uploads\/2024\/07\/livre-docencia-1536x566.png 1536w, https:\/\/info.fcf.usp.br\/wp-content\/uploads\/2024\/07\/livre-docencia.png 1603w\" sizes=\"(max-width: 300px) 100vw, 300px\" \/><\/div><a class=\"wp-block-latest-posts__post-title\" href=\"https:\/\/info.fcf.usp.br\/?p=8914\">Concursos de Livre Doc\u00eancia Junto aos Departamentos da FCF<\/a><time datetime=\"2024-07-15T15:16:03-03:00\" class=\"wp-block-latest-posts__post-date\">15 de julho de 2024<\/time><\/li>\n<li><div class=\"wp-block-latest-posts__featured-image aligncenter\"><img loading=\"lazy\" decoding=\"async\" width=\"300\" height=\"111\" src=\"https:\/\/info.fcf.usp.br\/wp-content\/uploads\/2024\/07\/Destaques-site-11-300x111.png\" class=\"attachment-medium size-medium wp-post-image\" alt=\"\" style=\"\" srcset=\"https:\/\/info.fcf.usp.br\/wp-content\/uploads\/2024\/07\/Destaques-site-11-300x111.png 300w, https:\/\/info.fcf.usp.br\/wp-content\/uploads\/2024\/07\/Destaques-site-11-1024x378.png 1024w, https:\/\/info.fcf.usp.br\/wp-content\/uploads\/2024\/07\/Destaques-site-11-150x55.png 150w, https:\/\/info.fcf.usp.br\/wp-content\/uploads\/2024\/07\/Destaques-site-11-768x283.png 768w, https:\/\/info.fcf.usp.br\/wp-content\/uploads\/2024\/07\/Destaques-site-11-1536x566.png 1536w, https:\/\/info.fcf.usp.br\/wp-content\/uploads\/2024\/07\/Destaques-site-11.png 1603w\" sizes=\"(max-width: 300px) 100vw, 300px\" \/><\/div><a class=\"wp-block-latest-posts__post-title\" href=\"https:\/\/info.fcf.usp.br\/?p=8898\">PRCEU\/PRPG: 1\u00aa CHAMADA DE FOMENTO 2024 (Atividade Extensionista Curricularizada)<\/a><time datetime=\"2024-07-04T10:41:58-03:00\" class=\"wp-block-latest-posts__post-date\">4 de julho de 2024<\/time><\/li>\n<li><div class=\"wp-block-latest-posts__featured-image aligncenter\"><img loading=\"lazy\" decoding=\"async\" width=\"300\" height=\"300\" src=\"https:\/\/info.fcf.usp.br\/wp-content\/uploads\/2020\/11\/126062709_3374125612670827_8447318215414772519_o-300x300.jpg\" class=\"attachment-medium size-medium wp-post-image\" alt=\"\" style=\"\" srcset=\"https:\/\/info.fcf.usp.br\/wp-content\/uploads\/2020\/11\/126062709_3374125612670827_8447318215414772519_o-300x300.jpg 300w, https:\/\/info.fcf.usp.br\/wp-content\/uploads\/2020\/11\/126062709_3374125612670827_8447318215414772519_o-1024x1024.jpg 1024w, https:\/\/info.fcf.usp.br\/wp-content\/uploads\/2020\/11\/126062709_3374125612670827_8447318215414772519_o-150x150.jpg 150w, https:\/\/info.fcf.usp.br\/wp-content\/uploads\/2020\/11\/126062709_3374125612670827_8447318215414772519_o-768x768.jpg 768w, https:\/\/info.fcf.usp.br\/wp-content\/uploads\/2020\/11\/126062709_3374125612670827_8447318215414772519_o-1536x1536.jpg 1536w, https:\/\/info.fcf.usp.br\/wp-content\/uploads\/2020\/11\/126062709_3374125612670827_8447318215414772519_o.jpg 2048w\" sizes=\"(max-width: 300px) 100vw, 300px\" \/><\/div><a class=\"wp-block-latest-posts__post-title\" href=\"https:\/\/info.fcf.usp.br\/?p=1841\">Farmanews 55 \u2014 Sa\u00fade e Novembro Azul<\/a><time datetime=\"2020-11-16T18:36:59-03:00\" class=\"wp-block-latest-posts__post-date\">16 de novembro de 2020<\/time><\/li>\n<\/ul><\/div><\/div>\n<\/div><\/div>\n\n\n\n<p style=\"font-size:25px\">Acesse aqui todas as edi\u00e7\u00f5es do<a href=\"https:\/\/drive.google.com\/open?id=1E0zedAt6bT09yQlJS-gnZ_FJpdmxHisZ\"> FARMANEWS<\/a>.<\/p>\n\n\n\n<iframe src=\"https:\/\/docs.google.com\/forms\/d\/e\/1FAIpQLSfdKN9-DRxlit_3TT3p7sfa-o9YwTvdfMVwLHzUkW1wTZaC7g\/viewform?embedded=true\" width=\"740\" height=\"500\" frameborder=\"0\" marginheight=\"0\" marginwidth=\"0\">Carregando\u2026<\/iframe>\n\n\n\n<p><\/p>\n","protected":false},"excerpt":{"rendered":"<p>Confira as \u00faltimas Edi\u00e7\u00f5es do Farmanews: Acesse aqui todas as edi\u00e7\u00f5es do FARMANEWS. Carregando\u2026<\/p>\n","protected":false},"author":6,"featured_media":512,"parent":0,"menu_order":0,"comment_status":"open","ping_status":"closed","template":"elementor_header_footer","meta":{"om_disable_all_campaigns":false,"_monsterinsights_skip_tracking":false,"_monsterinsights_sitenote_active":false,"_monsterinsights_sitenote_note":"","_monsterinsights_sitenote_category":0,"_uf_show_specific_survey":0,"_uf_disable_surveys":false,"footnotes":""},"class_list":["post-488","page","type-page","status-publish","has-post-thumbnail","hentry"],"aioseo_notices":[],"_links":{"self":[{"href":"https:\/\/info.fcf.usp.br\/index.php?rest_route=\/wp\/v2\/pages\/488","targetHints":{"allow":["GET"]}}],"collection":[{"href":"https:\/\/info.fcf.usp.br\/index.php?rest_route=\/wp\/v2\/pages"}],"about":[{"href":"https:\/\/info.fcf.usp.br\/index.php?rest_route=\/wp\/v2\/types\/page"}],"author":[{"embeddable":true,"href":"https:\/\/info.fcf.usp.br\/index.php?rest_route=\/wp\/v2\/users\/6"}],"replies":[{"embeddable":true,"href":"https:\/\/info.fcf.usp.br\/index.php?rest_route=%2Fwp%2Fv2%2Fcomments&post=488"}],"version-history":[{"count":10,"href":"https:\/\/info.fcf.usp.br\/index.php?rest_route=\/wp\/v2\/pages\/488\/revisions"}],"predecessor-version":[{"id":2365,"href":"https:\/\/info.fcf.usp.br\/index.php?rest_route=\/wp\/v2\/pages\/488\/revisions\/2365"}],"wp:featuredmedia":[{"embeddable":true,"href":"https:\/\/info.fcf.usp.br\/index.php?rest_route=\/wp\/v2\/media\/512"}],"wp:attachment":[{"href":"https:\/\/info.fcf.usp.br\/index.php?rest_route=%2Fwp%2Fv2%2Fmedia&parent=488"}],"curies":[{"name":"wp","href":"https:\/\/api.w.org\/{rel}","templated":true}]}}