{"id":187,"date":"2020-04-30T19:29:59","date_gmt":"2020-04-30T22:29:59","guid":{"rendered":"https:\/\/infofcf.webhostusp.sti.usp.br\/?page_id=187"},"modified":"2021-04-30T00:47:26","modified_gmt":"2021-04-30T03:47:26","slug":"apoie-fcf-usp-covid-19","status":"publish","type":"page","link":"https:\/\/info.fcf.usp.br\/?page_id=187","title":{"rendered":"APOIE FCF\/USP &#8211; COVID-19"},"content":{"rendered":"\n<p style=\"font-size:25px\">A Faculdade de Ci\u00eancias Farmac\u00eauticas da Universidade de S\u00e3o Paulo est\u00e1 em campanha pedindo doa\u00e7\u00f5es e volunt\u00e1rios para diversas a\u00e7\u00f5es no combate a pandemia do Coronav\u00edrus.<\/p>\n\n\n\n<p><\/p>\n\n\n\n<p style=\"font-size:25px\">Veja abaixo como voc\u00ea pode contribuir.<\/p>\n\n\n\n<div class=\"wp-block-columns is-layout-flex wp-container-core-columns-is-layout-9d6595d7 wp-block-columns-is-layout-flex\">\n<div class=\"wp-block-column is-layout-flow wp-block-column-is-layout-flow\">\n<figure class=\"wp-block-image size-large\"><a href=\"https:\/\/info.fcf.usp.br\/?p=252\"><img fetchpriority=\"high\" decoding=\"async\" width=\"600\" height=\"524\" src=\"https:\/\/info.fcf.usp.br\/wp-content\/uploads\/2020\/06\/a\u00e7\u00f5es-covid.png\" alt=\"\" class=\"wp-image-823\" srcset=\"https:\/\/info.fcf.usp.br\/wp-content\/uploads\/2020\/06\/a\u00e7\u00f5es-covid.png 600w, https:\/\/info.fcf.usp.br\/wp-content\/uploads\/2020\/06\/a\u00e7\u00f5es-covid-300x262.png 300w, https:\/\/info.fcf.usp.br\/wp-content\/uploads\/2020\/06\/a\u00e7\u00f5es-covid-150x131.png 150w\" sizes=\"(max-width: 600px) 100vw, 600px\" \/><\/a><\/figure>\n\n\n\n<hr class=\"wp-block-separator\"\/>\n\n\n\n<p style=\"font-size:25px\"><a href=\"https:\/\/info.fcf.usp.br\/?p=218\">Doa\u00e7\u00e3o de Material<\/a><\/p>\n\n\n\n<hr class=\"wp-block-separator\"\/>\n\n\n\n<p class=\"has-very-dark-gray-color has-text-color\" style=\"font-size:25px\"><a href=\"https:\/\/info.fcf.usp.br\/?p=239(abrir em uma nova aba)\">Doa\u00e7\u00e3o de Cestas B\u00e1sicas<\/a><\/p>\n\n\n\n<hr class=\"wp-block-separator\"\/>\n\n\n\n<p class=\"has-very-dark-gray-color has-text-color\" style=\"font-size:25px\"><a href=\"https:\/\/info.fcf.usp.br\/?p=172(abrir em uma nova aba)\">Contribui\u00e7\u00e3o Financeira<\/a><\/p>\n\n\n\n<hr class=\"wp-block-separator\"\/>\n\n\n\n<p class=\"has-very-dark-gray-color has-text-color\" style=\"font-size:25px\"><a href=\"https:\/\/info.fcf.usp.br\/?p=243\">Volunt\u00e1rios para Produ\u00e7\u00e3o em \u00c1lcool em Gel e 70%<\/a><\/p>\n<\/div>\n\n\n\n<div class=\"wp-block-column is-layout-flow wp-block-column-is-layout-flow\">\n<figure class=\"wp-block-image size-large\"><img decoding=\"async\" width=\"900\" height=\"786\" src=\"https:\/\/info.fcf.usp.br\/wp-content\/uploads\/2020\/04\/4-1.png\" alt=\"\" class=\"wp-image-343\" srcset=\"https:\/\/info.fcf.usp.br\/wp-content\/uploads\/2020\/04\/4-1.png 900w, https:\/\/info.fcf.usp.br\/wp-content\/uploads\/2020\/04\/4-1-300x262.png 300w, https:\/\/info.fcf.usp.br\/wp-content\/uploads\/2020\/04\/4-1-768x671.png 768w\" sizes=\"(max-width: 900px) 100vw, 900px\" \/><\/figure>\n\n\n\n<hr class=\"wp-block-separator\"\/>\n\n\n\n<p style=\"font-size:25px\"><a href=\"https:\/\/info.fcf.usp.br\/?p=295\">Doadores<\/a><\/p>\n\n\n\n<hr class=\"wp-block-separator\"\/>\n\n\n\n<p style=\"font-size:25px\"><a href=\"https:\/\/info.fcf.usp.br\/?p=477\">Volunt\u00e1rios<\/a><\/p>\n\n\n\n<p><\/p>\n<\/div>\n\n\n\n<div class=\"wp-block-column is-layout-flow wp-block-column-is-layout-flow\">\n<figure class=\"wp-block-image size-large\"><img decoding=\"async\" width=\"900\" height=\"786\" src=\"https:\/\/info.fcf.usp.br\/wp-content\/uploads\/2020\/04\/5-1.png\" alt=\"\" class=\"wp-image-344\" srcset=\"https:\/\/info.fcf.usp.br\/wp-content\/uploads\/2020\/04\/5-1.png 900w, https:\/\/info.fcf.usp.br\/wp-content\/uploads\/2020\/04\/5-1-300x262.png 300w, https:\/\/info.fcf.usp.br\/wp-content\/uploads\/2020\/04\/5-1-768x671.png 768w\" sizes=\"(max-width: 900px) 100vw, 900px\" \/><\/figure>\n\n\n\n<hr class=\"wp-block-separator\"\/>\n\n\n\n<p class=\"has-very-dark-gray-color has-text-color\" style=\"font-size:25px\"><a href=\"https:\/\/info.fcf.usp.br\/?cat=18\">\u00daltimas not\u00edcias<\/a><\/p>\n\n\n\n<hr class=\"wp-block-separator\"\/>\n\n\n\n<p style=\"font-size:25px\"><a href=\"https:\/\/info.fcf.usp.br\/?cat=22\">Farmanews<\/a><\/p>\n\n\n\n<hr class=\"wp-block-separator\"\/>\n\n\n\n<p style=\"font-size:25px\"><a href=\"https:\/\/info.fcf.usp.br\/?cat=23\">Entregas<\/a><\/p>\n\n\n\n<p style=\"font-size:25px\"> <\/p>\n<\/div>\n<\/div>\n\n\n\n<div class=\"wp-block-columns is-layout-flex wp-container-core-columns-is-layout-9d6595d7 wp-block-columns-is-layout-flex\">\n<div class=\"wp-block-column is-layout-flow wp-block-column-is-layout-flow\">\n<p><\/p>\n<\/div>\n\n\n\n<div class=\"wp-block-column is-layout-flow wp-block-column-is-layout-flow\">\n<p><\/p>\n<\/div>\n\n\n\n<div class=\"wp-block-column is-layout-flow wp-block-column-is-layout-flow\">\n<p><\/p>\n<\/div>\n<\/div>\n\n\n\n<p class=\"has-text-align-center has-large-font-size\">VAMOS CONSTRUIR ESTA REDE DE SOLIDARIEDADE JUNTOS.<\/p>\n\n\n\n<div class=\"wp-block-buttons is-content-justification-center is-layout-flex wp-block-buttons-is-layout-flex\">\n<div class=\"wp-block-button\"><a class=\"wp-block-button__link has-text-color has-background\" href=\"mailto:apoiefcfcovid19@usp.br\" style=\"border-radius:8px;background-color:#5b305f;color:#ffffff\" target=\"_blank\" rel=\"noreferrer noopener\"><strong>ENTRE EM CONTATO<\/strong><\/a><\/div>\n<\/div>\n\n\n\n<p><\/p>\n","protected":false},"excerpt":{"rendered":"<p>A Faculdade de Ci\u00eancias Farmac\u00eauticas da Universidade de S\u00e3o Paulo est\u00e1 em campanha pedindo doa\u00e7\u00f5es&#8230;<\/p>\n","protected":false},"author":6,"featured_media":0,"parent":0,"menu_order":0,"comment_status":"closed","ping_status":"closed","template":"","meta":{"om_disable_all_campaigns":false,"_monsterinsights_skip_tracking":false,"_monsterinsights_sitenote_active":false,"_monsterinsights_sitenote_note":"","_monsterinsights_sitenote_category":0,"_uf_show_specific_survey":0,"_uf_disable_surveys":false,"footnotes":""},"class_list":["post-187","page","type-page","status-publish","hentry"],"aioseo_notices":[],"_links":{"self":[{"href":"https:\/\/info.fcf.usp.br\/index.php?rest_route=\/wp\/v2\/pages\/187","targetHints":{"allow":["GET"]}}],"collection":[{"href":"https:\/\/info.fcf.usp.br\/index.php?rest_route=\/wp\/v2\/pages"}],"about":[{"href":"https:\/\/info.fcf.usp.br\/index.php?rest_route=\/wp\/v2\/types\/page"}],"author":[{"embeddable":true,"href":"https:\/\/info.fcf.usp.br\/index.php?rest_route=\/wp\/v2\/users\/6"}],"replies":[{"embeddable":true,"href":"https:\/\/info.fcf.usp.br\/index.php?rest_route=%2Fwp%2Fv2%2Fcomments&post=187"}],"version-history":[{"count":25,"href":"https:\/\/info.fcf.usp.br\/index.php?rest_route=\/wp\/v2\/pages\/187\/revisions"}],"predecessor-version":[{"id":3363,"href":"https:\/\/info.fcf.usp.br\/index.php?rest_route=\/wp\/v2\/pages\/187\/revisions\/3363"}],"wp:attachment":[{"href":"https:\/\/info.fcf.usp.br\/index.php?rest_route=%2Fwp%2Fv2%2Fmedia&parent=187"}],"curies":[{"name":"wp","href":"https:\/\/api.w.org\/{rel}","templated":true}]}}