{"id":11804,"date":"2025-04-28T11:10:19","date_gmt":"2025-04-28T14:10:19","guid":{"rendered":"https:\/\/info.fcf.usp.br\/?page_id=11804"},"modified":"2025-04-28T11:12:50","modified_gmt":"2025-04-28T14:12:50","slug":"saude-mental","status":"publish","type":"page","link":"https:\/\/info.fcf.usp.br\/?page_id=11804","title":{"rendered":"Sa\u00fade Mental"},"content":{"rendered":"\t\t<div data-elementor-type=\"wp-page\" data-elementor-id=\"11804\" class=\"elementor elementor-11804\">\n\t\t\t\t<div class=\"elementor-element elementor-element-0535da2 e-flex e-con-boxed e-con e-parent\" data-id=\"0535da2\" data-element_type=\"container\" data-e-type=\"container\">\n\t\t\t\t\t<div class=\"e-con-inner\">\n\t\t\t\t<div class=\"elementor-element elementor-element-8662988 elementor-widget elementor-widget-text-editor\" data-id=\"8662988\" data-element_type=\"widget\" data-e-type=\"widget\" data-widget_type=\"text-editor.default\">\n\t\t\t\t<div class=\"elementor-widget-container\">\n\t\t\t\t\t\t\t\t\t<div><p>A USP oferece \u00e0 toda sua comunidade o<strong>\u00a0<a href=\"https:\/\/prip.usp.br\/programa-ecos\/\">Programa ECOS<\/a>\u00a0<\/strong>\u2013 Escuta, Cuidado e Orienta\u00e7\u00e3o em Sa\u00fade Mental. O ECOS possui um espa\u00e7o no campus Butant\u00e3 onde realiza escutas pontuais presenciais e sem necessidade de agendamento. Com base nesse atendimento, podem ocorrer encaminhamentos \u00e0s redes de cuidado interna ou externa \u00e0 USP. As escutas s\u00e3o realizadas pela equipe ECOS que integra profissionais de sa\u00fade e estudantes bolsistas de diversas \u00e1reas do conhecimento.<\/p><p><strong>Situa\u00e7\u00f5es de crise aguda em sa\u00fade mental n\u00e3o s\u00e3o atendidas pelo ECOS. Nesse caso deve-se buscar um Pronto Socorro Psiqui\u00e1trico (a refer\u00eancia para o campus Butant\u00e3 \u00e9 o Pronto Socorro Lapa, Av. Queiroz Filho, 313; telefone: 4878-1701).<\/strong><\/p><\/div><p><b>\u00a0<\/b><\/p>\t\t\t\t\t\t\t\t<\/div>\n\t\t\t\t<\/div>\n\t\t\t\t\t<\/div>\n\t\t\t\t<\/div>\n\t\t\t\t<\/div>\n\t\t","protected":false},"excerpt":{"rendered":"<p>A USP oferece \u00e0 toda sua comunidade o\u00a0Programa ECOS\u00a0\u2013 Escuta, Cuidado e Orienta\u00e7\u00e3o em Sa\u00fade&#8230;<\/p>\n","protected":false},"author":6,"featured_media":0,"parent":0,"menu_order":0,"comment_status":"closed","ping_status":"closed","template":"","meta":{"om_disable_all_campaigns":false,"_monsterinsights_skip_tracking":false,"_monsterinsights_sitenote_active":false,"_monsterinsights_sitenote_note":"","_monsterinsights_sitenote_category":0,"_uf_show_specific_survey":0,"_uf_disable_surveys":false,"footnotes":""},"class_list":["post-11804","page","type-page","status-publish","hentry"],"aioseo_notices":[],"_links":{"self":[{"href":"https:\/\/info.fcf.usp.br\/index.php?rest_route=\/wp\/v2\/pages\/11804","targetHints":{"allow":["GET"]}}],"collection":[{"href":"https:\/\/info.fcf.usp.br\/index.php?rest_route=\/wp\/v2\/pages"}],"about":[{"href":"https:\/\/info.fcf.usp.br\/index.php?rest_route=\/wp\/v2\/types\/page"}],"author":[{"embeddable":true,"href":"https:\/\/info.fcf.usp.br\/index.php?rest_route=\/wp\/v2\/users\/6"}],"replies":[{"embeddable":true,"href":"https:\/\/info.fcf.usp.br\/index.php?rest_route=%2Fwp%2Fv2%2Fcomments&post=11804"}],"version-history":[{"count":7,"href":"https:\/\/info.fcf.usp.br\/index.php?rest_route=\/wp\/v2\/pages\/11804\/revisions"}],"predecessor-version":[{"id":11812,"href":"https:\/\/info.fcf.usp.br\/index.php?rest_route=\/wp\/v2\/pages\/11804\/revisions\/11812"}],"wp:attachment":[{"href":"https:\/\/info.fcf.usp.br\/index.php?rest_route=%2Fwp%2Fv2%2Fmedia&parent=11804"}],"curies":[{"name":"wp","href":"https:\/\/api.w.org\/{rel}","templated":true}]}}