{"id":11799,"date":"2025-04-28T11:07:07","date_gmt":"2025-04-28T14:07:07","guid":{"rendered":"https:\/\/info.fcf.usp.br\/?page_id=11799"},"modified":"2025-04-28T11:08:34","modified_gmt":"2025-04-28T14:08:34","slug":"politica-de-inclusao-das-pessoas-com-tea","status":"publish","type":"page","link":"https:\/\/info.fcf.usp.br\/?page_id=11799","title":{"rendered":"Pol\u00edtica de Inclus\u00e3o das pessoas com TEA"},"content":{"rendered":"\t\t<div data-elementor-type=\"wp-page\" data-elementor-id=\"11799\" class=\"elementor elementor-11799\">\n\t\t\t\t<div class=\"elementor-element elementor-element-a796852 e-flex e-con-boxed e-con e-parent\" data-id=\"a796852\" data-element_type=\"container\" data-e-type=\"container\">\n\t\t\t\t\t<div class=\"e-con-inner\">\n\t\t\t\t<div class=\"elementor-element elementor-element-f869c5c elementor-widget elementor-widget-text-editor\" data-id=\"f869c5c\" data-element_type=\"widget\" data-e-type=\"widget\" data-widget_type=\"text-editor.default\">\n\t\t\t\t<div class=\"elementor-widget-container\">\n\t\t\t\t\t\t\t\t\t<p><span style=\"color: var( --e-global-color-text ); font-family: var( --e-global-typography-text-font-family ), Sans-serif; font-weight: var( --e-global-typography-text-font-weight ); text-align: var(--text-align);\">Estudantes e funcion\u00e1rios\/as com Transtorno do Espectro Autista podem protocolar\u00a0<\/span><span style=\"color: var( --e-global-color-text ); font-family: var( --e-global-typography-text-font-family ), Sans-serif; font-weight: var( --e-global-typography-text-font-weight ); text-align: var(--text-align);\">pedido de reconhecimento do diagn\u00f3stico de sua defici\u00eancia espec\u00edfica perante a\u00a0<\/span><span style=\"color: var( --e-global-color-text ); font-family: var( --e-global-typography-text-font-family ), Sans-serif; font-weight: var( --e-global-typography-text-font-weight ); text-align: var(--text-align);\">Comiss\u00e3o de Inclus\u00e3o e Pertencimento da Faculdade de Ci\u00eancias Farmac\u00eauticas\u00a0<\/span><span style=\"color: var( --e-global-color-text ); font-family: var( --e-global-typography-text-font-family ), Sans-serif; font-weight: var( --e-global-typography-text-font-weight ); text-align: var(--text-align);\">(FCF) visando acesso \u00e0 Pol\u00edtica de Inclus\u00e3o das Pessoas com Transtorno do Espectro\u00a0<\/span><span style=\"color: var( --e-global-color-text ); font-family: var( --e-global-typography-text-font-family ), Sans-serif; font-weight: var( --e-global-typography-text-font-weight ); text-align: var(--text-align);\">Autista (TEA) na Universidade de S\u00e3o Paulo (<strong><a href=\"https:\/\/prip.usp.br\/wp-content\/uploads\/sites\/1128\/2024\/11\/Portaria_PRIP_059-TEA-Errata.pdf\">PORTARIA PRIP N o 059 de\u00a0<\/a><\/strong><\/span><span style=\"color: var( --e-global-color-text ); font-family: var( --e-global-typography-text-font-family ), Sans-serif; font-weight: var( --e-global-typography-text-font-weight );\"><strong>04\/10\/2024<\/strong>).\u00a0<\/span><span style=\"color: var( --e-global-color-text ); font-family: var( --e-global-typography-text-font-family ), Sans-serif; font-weight: var( --e-global-typography-text-font-weight ); text-align: var(--text-align);\">Pessoas que apresentem outros tipos de transtornos globais do desenvolvimento\u00a0<\/span><span style=\"color: var( --e-global-color-text ); font-family: var( --e-global-typography-text-font-family ), Sans-serif; font-weight: var( --e-global-typography-text-font-weight ); text-align: var(--text-align);\">podem igualmente protocolar pedido de avalia\u00e7\u00e3o de poss\u00edveis adapta\u00e7\u00f5es por meio\u00a0<\/span><span style=\"color: var( --e-global-color-text ); font-family: var( --e-global-typography-text-font-family ), Sans-serif; font-weight: var( --e-global-typography-text-font-weight ); text-align: var(--text-align);\">do devido formul\u00e1rio abaixo. A CIP ir\u00e1 avaliar e discutir com as inst\u00e2ncias a <\/span><span style=\"color: var( --e-global-color-text ); font-family: var( --e-global-typography-text-font-family ), Sans-serif; font-weight: var( --e-global-typography-text-font-weight ); text-align: var(--text-align);\">pertin\u00eancia e possibilidade de atender a demandas n\u00e3o inclusas na Portaria PRIR N\u00ba\u00a0<\/span><span style=\"color: var( --e-global-color-text ); font-family: var( --e-global-typography-text-font-family ), Sans-serif; font-weight: var( --e-global-typography-text-font-weight );\">059.<\/span><\/p><p><span style=\"color: var( --e-global-color-text ); font-family: var( --e-global-typography-text-font-family ), Sans-serif; font-weight: var( --e-global-typography-text-font-weight );\">\u00a0<\/span><\/p>\t\t\t\t\t\t\t\t<\/div>\n\t\t\t\t<\/div>\n\t\t\t\t\t<\/div>\n\t\t\t\t<\/div>\n\t\t<div class=\"elementor-element elementor-element-9ab3024 e-flex e-con-boxed e-con e-parent\" data-id=\"9ab3024\" data-element_type=\"container\" data-e-type=\"container\">\n\t\t\t\t\t<div class=\"e-con-inner\">\n\t\t\t\t<div class=\"elementor-element elementor-element-d93373b elementor-align-center elementor-widget elementor-widget-button\" data-id=\"d93373b\" data-element_type=\"widget\" data-e-type=\"widget\" data-widget_type=\"button.default\">\n\t\t\t\t<div class=\"elementor-widget-container\">\n\t\t\t\t\t\t\t\t\t<div class=\"elementor-button-wrapper\">\n\t\t\t\t\t<a class=\"elementor-button elementor-button-link elementor-size-sm\" href=\"https:\/\/forms.gle\/GdSgSEScKc2Cou6aA\">\n\t\t\t\t\t\t<span class=\"elementor-button-content-wrapper\">\n\t\t\t\t\t\t\t\t\t<span class=\"elementor-button-text\">Formul\u00e1rio - Gradua\u00e7\u00e3o e P\u00f3s-Gradua\u00e7\u00e3o<\/span>\n\t\t\t\t\t<\/span>\n\t\t\t\t\t<\/a>\n\t\t\t\t<\/div>\n\t\t\t\t\t\t\t\t<\/div>\n\t\t\t\t<\/div>\n\t\t\t\t\t<\/div>\n\t\t\t\t<\/div>\n\t\t<div class=\"elementor-element elementor-element-4b246e1 e-flex e-con-boxed e-con e-parent\" data-id=\"4b246e1\" data-element_type=\"container\" data-e-type=\"container\">\n\t\t\t\t\t<div class=\"e-con-inner\">\n\t\t\t\t<div class=\"elementor-element elementor-element-6bacbf0 elementor-align-center elementor-widget elementor-widget-button\" data-id=\"6bacbf0\" data-element_type=\"widget\" data-e-type=\"widget\" data-widget_type=\"button.default\">\n\t\t\t\t<div class=\"elementor-widget-container\">\n\t\t\t\t\t\t\t\t\t<div class=\"elementor-button-wrapper\">\n\t\t\t\t\t<a class=\"elementor-button elementor-button-link elementor-size-sm\" href=\"https:\/\/forms.gle\/vZ4ZqEZX9rckmAyc9\">\n\t\t\t\t\t\t<span class=\"elementor-button-content-wrapper\">\n\t\t\t\t\t\t\t\t\t<span class=\"elementor-button-text\">Formul\u00e1rio - Funcion\u00e1rios e Docentes<\/span>\n\t\t\t\t\t<\/span>\n\t\t\t\t\t<\/a>\n\t\t\t\t<\/div>\n\t\t\t\t\t\t\t\t<\/div>\n\t\t\t\t<\/div>\n\t\t\t\t\t<\/div>\n\t\t\t\t<\/div>\n\t\t<div class=\"elementor-element elementor-element-fa28c86 e-flex e-con-boxed e-con e-parent\" data-id=\"fa28c86\" data-element_type=\"container\" data-e-type=\"container\">\n\t\t\t\t\t<div class=\"e-con-inner\">\n\t\t\t\t<div class=\"elementor-element elementor-element-520cc14 elementor-align-center elementor-widget elementor-widget-button\" data-id=\"520cc14\" data-element_type=\"widget\" data-e-type=\"widget\" data-widget_type=\"button.default\">\n\t\t\t\t<div class=\"elementor-widget-container\">\n\t\t\t\t\t\t\t\t\t<div class=\"elementor-button-wrapper\">\n\t\t\t\t\t<a class=\"elementor-button elementor-button-link elementor-size-sm\" href=\"https:\/\/forms.gle\/LZ7c1Jbm5LyHyJbw9\">\n\t\t\t\t\t\t<span class=\"elementor-button-content-wrapper\">\n\t\t\t\t\t\t\t\t\t<span class=\"elementor-button-text\">Formul\u00e1rio - P\u00f3s-Doutorandos<\/span>\n\t\t\t\t\t<\/span>\n\t\t\t\t\t<\/a>\n\t\t\t\t<\/div>\n\t\t\t\t\t\t\t\t<\/div>\n\t\t\t\t<\/div>\n\t\t\t\t\t<\/div>\n\t\t\t\t<\/div>\n\t\t\t\t<\/div>\n\t\t","protected":false},"excerpt":{"rendered":"<p>Estudantes e funcion\u00e1rios\/as com Transtorno do Espectro Autista podem protocolar\u00a0pedido de reconhecimento do diagn\u00f3stico de&#8230;<\/p>\n","protected":false},"author":6,"featured_media":0,"parent":0,"menu_order":0,"comment_status":"closed","ping_status":"closed","template":"","meta":{"om_disable_all_campaigns":false,"_monsterinsights_skip_tracking":false,"_monsterinsights_sitenote_active":false,"_monsterinsights_sitenote_note":"","_monsterinsights_sitenote_category":0,"_uf_show_specific_survey":0,"_uf_disable_surveys":false,"footnotes":""},"class_list":["post-11799","page","type-page","status-publish","hentry"],"aioseo_notices":[],"_links":{"self":[{"href":"https:\/\/info.fcf.usp.br\/index.php?rest_route=\/wp\/v2\/pages\/11799","targetHints":{"allow":["GET"]}}],"collection":[{"href":"https:\/\/info.fcf.usp.br\/index.php?rest_route=\/wp\/v2\/pages"}],"about":[{"href":"https:\/\/info.fcf.usp.br\/index.php?rest_route=\/wp\/v2\/types\/page"}],"author":[{"embeddable":true,"href":"https:\/\/info.fcf.usp.br\/index.php?rest_route=\/wp\/v2\/users\/6"}],"replies":[{"embeddable":true,"href":"https:\/\/info.fcf.usp.br\/index.php?rest_route=%2Fwp%2Fv2%2Fcomments&post=11799"}],"version-history":[{"count":4,"href":"https:\/\/info.fcf.usp.br\/index.php?rest_route=\/wp\/v2\/pages\/11799\/revisions"}],"predecessor-version":[{"id":11803,"href":"https:\/\/info.fcf.usp.br\/index.php?rest_route=\/wp\/v2\/pages\/11799\/revisions\/11803"}],"wp:attachment":[{"href":"https:\/\/info.fcf.usp.br\/index.php?rest_route=%2Fwp%2Fv2%2Fmedia&parent=11799"}],"curies":[{"name":"wp","href":"https:\/\/api.w.org\/{rel}","templated":true}]}}