{"id":11556,"date":"2025-03-26T14:04:47","date_gmt":"2025-03-26T17:04:47","guid":{"rendered":"https:\/\/info.fcf.usp.br\/?page_id=11556"},"modified":"2025-03-26T14:08:11","modified_gmt":"2025-03-26T17:08:11","slug":"pos-graduacao-sia","status":"publish","type":"page","link":"https:\/\/info.fcf.usp.br\/?page_id=11556","title":{"rendered":"P\u00f3s-Gradua\u00e7\u00e3o SIA"},"content":{"rendered":"\t\t<div data-elementor-type=\"wp-page\" data-elementor-id=\"11556\" class=\"elementor elementor-11556\">\n\t\t\t\t<div class=\"elementor-element elementor-element-def5cc1 e-flex e-con-boxed e-con e-parent\" data-id=\"def5cc1\" data-element_type=\"container\" data-e-type=\"container\">\n\t\t\t\t\t<div class=\"e-con-inner\">\n\t\t\t\t<div class=\"elementor-element elementor-element-e7a4c6b elementor-widget elementor-widget-text-editor\" data-id=\"e7a4c6b\" data-element_type=\"widget\" data-e-type=\"widget\" data-widget_type=\"text-editor.default\">\n\t\t\t\t<div class=\"elementor-widget-container\">\n\t\t\t\t\t\t\t\t\t<div>Da fus\u00e3o de 3 Programas de P\u00f3s-Gradua\u00e7\u00e3o (PPG) em Alimentos da USP, o PPG Interunidades Sistemas Integrados em Alimentos (PPG-SIA) conta com a presen\u00e7a de orientadores de 3 Unidades diferentes da USP (FCF, ESALQ, FZEA) e estuda toda a cadeia de produ\u00e7\u00e3o dos alimentos, assim como o resultado da intera\u00e7\u00e3o de suas vitaminas e compostos qu\u00edmicos com o corpo humano.\u00a0<\/div><div>O PPG-SIA forma Mestres e Doutores com vis\u00e3o mais ampla sobre a Ci\u00eancia de Alimentos, podendo trazer resultados positivos para o setor de alimentos, tanto do ponto de vista econ\u00f4mico como de sa\u00fade.<\/div>\t\t\t\t\t\t\t\t<\/div>\n\t\t\t\t<\/div>\n\t\t\t\t\t<\/div>\n\t\t\t\t<\/div>\n\t\t<div class=\"elementor-element elementor-element-0ca4911 e-flex e-con-boxed e-con e-parent\" data-id=\"0ca4911\" data-element_type=\"container\" data-e-type=\"container\">\n\t\t\t\t\t<div class=\"e-con-inner\">\n\t\t\t\t<div class=\"elementor-element elementor-element-7357634 elementor-align-center elementor-widget elementor-widget-button\" data-id=\"7357634\" data-element_type=\"widget\" data-e-type=\"widget\" data-widget_type=\"button.default\">\n\t\t\t\t<div class=\"elementor-widget-container\">\n\t\t\t\t\t\t\t\t\t<div class=\"elementor-button-wrapper\">\n\t\t\t\t\t<a class=\"elementor-button elementor-button-link elementor-size-sm\" href=\"https:\/\/sites.usp.br\/alimentos\/\">\n\t\t\t\t\t\t<span class=\"elementor-button-content-wrapper\">\n\t\t\t\t\t\t\t\t\t<span class=\"elementor-button-text\">Clique aqui para acessar o site da PPG-SIA<\/span>\n\t\t\t\t\t<\/span>\n\t\t\t\t\t<\/a>\n\t\t\t\t<\/div>\n\t\t\t\t\t\t\t\t<\/div>\n\t\t\t\t<\/div>\n\t\t\t\t\t<\/div>\n\t\t\t\t<\/div>\n\t\t\t\t<\/div>\n\t\t","protected":false},"excerpt":{"rendered":"<p>Da fus\u00e3o de 3 Programas de P\u00f3s-Gradua\u00e7\u00e3o (PPG) em Alimentos da USP, o PPG Interunidades&#8230;<\/p>\n","protected":false},"author":6,"featured_media":0,"parent":0,"menu_order":0,"comment_status":"closed","ping_status":"closed","template":"","meta":{"om_disable_all_campaigns":false,"_monsterinsights_skip_tracking":false,"_monsterinsights_sitenote_active":false,"_monsterinsights_sitenote_note":"","_monsterinsights_sitenote_category":0,"_uf_show_specific_survey":0,"_uf_disable_surveys":false,"footnotes":""},"class_list":["post-11556","page","type-page","status-publish","hentry"],"aioseo_notices":[],"_links":{"self":[{"href":"https:\/\/info.fcf.usp.br\/index.php?rest_route=\/wp\/v2\/pages\/11556","targetHints":{"allow":["GET"]}}],"collection":[{"href":"https:\/\/info.fcf.usp.br\/index.php?rest_route=\/wp\/v2\/pages"}],"about":[{"href":"https:\/\/info.fcf.usp.br\/index.php?rest_route=\/wp\/v2\/types\/page"}],"author":[{"embeddable":true,"href":"https:\/\/info.fcf.usp.br\/index.php?rest_route=\/wp\/v2\/users\/6"}],"replies":[{"embeddable":true,"href":"https:\/\/info.fcf.usp.br\/index.php?rest_route=%2Fwp%2Fv2%2Fcomments&post=11556"}],"version-history":[{"count":4,"href":"https:\/\/info.fcf.usp.br\/index.php?rest_route=\/wp\/v2\/pages\/11556\/revisions"}],"predecessor-version":[{"id":11560,"href":"https:\/\/info.fcf.usp.br\/index.php?rest_route=\/wp\/v2\/pages\/11556\/revisions\/11560"}],"wp:attachment":[{"href":"https:\/\/info.fcf.usp.br\/index.php?rest_route=%2Fwp%2Fv2%2Fmedia&parent=11556"}],"curies":[{"name":"wp","href":"https:\/\/api.w.org\/{rel}","templated":true}]}}