{"id":10611,"date":"2024-11-28T12:21:11","date_gmt":"2024-11-28T15:21:11","guid":{"rendered":"https:\/\/info.fcf.usp.br\/?page_id=10611"},"modified":"2025-09-19T15:46:21","modified_gmt":"2025-09-19T18:46:21","slug":"comissao-de-inclusao-e-pertencimento-apresentacao","status":"publish","type":"page","link":"https:\/\/info.fcf.usp.br\/?page_id=10611","title":{"rendered":"Comiss\u00e3o de Inclus\u00e3o e Pertencimento &#8211; Apresenta\u00e7\u00e3o"},"content":{"rendered":"\t\t<div data-elementor-type=\"wp-page\" data-elementor-id=\"10611\" class=\"elementor elementor-10611\">\n\t\t\t\t<div class=\"elementor-element elementor-element-ec4c00a e-flex e-con-boxed e-con e-parent\" data-id=\"ec4c00a\" data-element_type=\"container\" data-e-type=\"container\">\n\t\t\t\t\t<div class=\"e-con-inner\">\n\t\t<div class=\"elementor-element elementor-element-acd8a67 e-con-full e-flex e-con e-child\" data-id=\"acd8a67\" data-element_type=\"container\" data-e-type=\"container\">\n\t\t\t\t<div class=\"elementor-element elementor-element-166c6f8 elementor-widget elementor-widget-text-editor\" data-id=\"166c6f8\" data-element_type=\"widget\" data-e-type=\"widget\" data-widget_type=\"text-editor.default\">\n\t\t\t\t<div class=\"elementor-widget-container\">\n\t\t\t\t\t\t\t\t\t<p>A Comiss\u00e3o de Inclus\u00e3o e Pertencimento (CIP) da FCF-USP atua desde 2023 por meio de a\u00e7\u00f5es e pol\u00edticas visando promover a diversidade, assegurar oportunidades e oferecer condi\u00e7\u00f5es para todas as pessoas da comunidade FCF (estudantes,<br>servidores e docentes).<\/p><p><br>As a\u00e7\u00f5es da CIP-FCF abrangem as cinco \u00e1reas definias pela PRIP:<\/p>\n<ul>\n<li>Vida no campus<\/li>\n<li>Mulheres, Rela\u00e7\u00f5es \u00c9tnico-Raciais e Diversidades<\/li>\n<li>Sa\u00fade Mental e Bem-Estar Social<\/li>\n<li>Direitos Humanos e pol\u00edticas de repara\u00e7\u00e3o, mem\u00f3ria e justi\u00e7a<\/li>\n<li>Forma\u00e7\u00e3o e vida profissional<\/li>\n<\/ul>\t\t\t\t\t\t\t\t<\/div>\n\t\t\t\t<\/div>\n\t\t<div class=\"elementor-element elementor-element-9c8a01f e-grid e-con-full e-con e-child\" data-id=\"9c8a01f\" data-element_type=\"container\" data-e-type=\"container\">\n\t\t\t\t<div class=\"elementor-element elementor-element-fe93f11 elementor-widget elementor-widget-image\" data-id=\"fe93f11\" data-element_type=\"widget\" data-e-type=\"widget\" data-widget_type=\"image.default\">\n\t\t\t\t<div class=\"elementor-widget-container\">\n\t\t\t\t\t\t\t\t\t\t\t\t\t\t\t\t<a href=\"https:\/\/info.fcf.usp.br\/?page_id=11793\">\n\t\t\t\t\t\t\t<img fetchpriority=\"high\" decoding=\"async\" width=\"640\" height=\"360\" src=\"https:\/\/info.fcf.usp.br\/wp-content\/uploads\/2025\/09\/Thumbs-Site-768x432.png\" class=\"attachment-medium_large size-medium_large wp-image-12594\" alt=\"\" srcset=\"https:\/\/info.fcf.usp.br\/wp-content\/uploads\/2025\/09\/Thumbs-Site-768x432.png 768w, https:\/\/info.fcf.usp.br\/wp-content\/uploads\/2025\/09\/Thumbs-Site-300x169.png 300w, https:\/\/info.fcf.usp.br\/wp-content\/uploads\/2025\/09\/Thumbs-Site-1024x576.png 1024w, https:\/\/info.fcf.usp.br\/wp-content\/uploads\/2025\/09\/Thumbs-Site-150x84.png 150w, https:\/\/info.fcf.usp.br\/wp-content\/uploads\/2025\/09\/Thumbs-Site.png 1280w\" sizes=\"(max-width: 640px) 100vw, 640px\" \/>\t\t\t\t\t\t\t\t<\/a>\n\t\t\t\t\t\t\t\t\t\t\t\t\t\t\t<\/div>\n\t\t\t\t<\/div>\n\t\t\t\t<div class=\"elementor-element elementor-element-c8847de elementor-widget elementor-widget-image\" data-id=\"c8847de\" data-element_type=\"widget\" data-e-type=\"widget\" data-widget_type=\"image.default\">\n\t\t\t\t<div class=\"elementor-widget-container\">\n\t\t\t\t\t\t\t\t\t\t\t\t\t\t\t\t<a href=\"https:\/\/info.fcf.usp.br\/?page_id=11813\">\n\t\t\t\t\t\t\t<img decoding=\"async\" width=\"640\" height=\"360\" src=\"https:\/\/info.fcf.usp.br\/wp-content\/uploads\/2025\/09\/Thumbs-Site-1-768x432.png\" class=\"attachment-medium_large size-medium_large wp-image-12596\" alt=\"\" srcset=\"https:\/\/info.fcf.usp.br\/wp-content\/uploads\/2025\/09\/Thumbs-Site-1-768x432.png 768w, https:\/\/info.fcf.usp.br\/wp-content\/uploads\/2025\/09\/Thumbs-Site-1-300x169.png 300w, https:\/\/info.fcf.usp.br\/wp-content\/uploads\/2025\/09\/Thumbs-Site-1-1024x576.png 1024w, https:\/\/info.fcf.usp.br\/wp-content\/uploads\/2025\/09\/Thumbs-Site-1-150x84.png 150w, https:\/\/info.fcf.usp.br\/wp-content\/uploads\/2025\/09\/Thumbs-Site-1.png 1280w\" sizes=\"(max-width: 640px) 100vw, 640px\" \/>\t\t\t\t\t\t\t\t<\/a>\n\t\t\t\t\t\t\t\t\t\t\t\t\t\t\t<\/div>\n\t\t\t\t<\/div>\n\t\t\t\t<div class=\"elementor-element elementor-element-2984548 elementor-widget elementor-widget-image\" data-id=\"2984548\" data-element_type=\"widget\" data-e-type=\"widget\" data-widget_type=\"image.default\">\n\t\t\t\t<div class=\"elementor-widget-container\">\n\t\t\t\t\t\t\t\t\t\t\t\t\t\t\t\t<a href=\"https:\/\/info.fcf.usp.br\/?p=12162\">\n\t\t\t\t\t\t\t<img decoding=\"async\" width=\"640\" height=\"360\" src=\"https:\/\/info.fcf.usp.br\/wp-content\/uploads\/2025\/09\/Thumbs-Site-2-768x432.png\" class=\"attachment-medium_large size-medium_large wp-image-12597\" alt=\"\" srcset=\"https:\/\/info.fcf.usp.br\/wp-content\/uploads\/2025\/09\/Thumbs-Site-2-768x432.png 768w, https:\/\/info.fcf.usp.br\/wp-content\/uploads\/2025\/09\/Thumbs-Site-2-300x169.png 300w, https:\/\/info.fcf.usp.br\/wp-content\/uploads\/2025\/09\/Thumbs-Site-2-1024x576.png 1024w, https:\/\/info.fcf.usp.br\/wp-content\/uploads\/2025\/09\/Thumbs-Site-2-150x84.png 150w, https:\/\/info.fcf.usp.br\/wp-content\/uploads\/2025\/09\/Thumbs-Site-2.png 1280w\" sizes=\"(max-width: 640px) 100vw, 640px\" \/>\t\t\t\t\t\t\t\t<\/a>\n\t\t\t\t\t\t\t\t\t\t\t\t\t\t\t<\/div>\n\t\t\t\t<\/div>\n\t\t\t\t<div class=\"elementor-element elementor-element-be2cf9f elementor-widget elementor-widget-image\" data-id=\"be2cf9f\" data-element_type=\"widget\" data-e-type=\"widget\" data-widget_type=\"image.default\">\n\t\t\t\t<div class=\"elementor-widget-container\">\n\t\t\t\t\t\t\t\t\t\t\t\t\t\t\t\t<a href=\"https:\/\/info.fcf.usp.br\/?page_id=11804\">\n\t\t\t\t\t\t\t<img loading=\"lazy\" decoding=\"async\" width=\"640\" height=\"360\" src=\"https:\/\/info.fcf.usp.br\/wp-content\/uploads\/2025\/09\/Thumbs-Site-3-768x432.png\" class=\"attachment-medium_large size-medium_large wp-image-12598\" alt=\"\" srcset=\"https:\/\/info.fcf.usp.br\/wp-content\/uploads\/2025\/09\/Thumbs-Site-3-768x432.png 768w, https:\/\/info.fcf.usp.br\/wp-content\/uploads\/2025\/09\/Thumbs-Site-3-300x169.png 300w, https:\/\/info.fcf.usp.br\/wp-content\/uploads\/2025\/09\/Thumbs-Site-3-1024x576.png 1024w, https:\/\/info.fcf.usp.br\/wp-content\/uploads\/2025\/09\/Thumbs-Site-3-150x84.png 150w, https:\/\/info.fcf.usp.br\/wp-content\/uploads\/2025\/09\/Thumbs-Site-3.png 1280w\" sizes=\"(max-width: 640px) 100vw, 640px\" \/>\t\t\t\t\t\t\t\t<\/a>\n\t\t\t\t\t\t\t\t\t\t\t\t\t\t\t<\/div>\n\t\t\t\t<\/div>\n\t\t\t\t<div class=\"elementor-element elementor-element-bf8db3a elementor-widget elementor-widget-image\" data-id=\"bf8db3a\" data-element_type=\"widget\" data-e-type=\"widget\" data-widget_type=\"image.default\">\n\t\t\t\t<div class=\"elementor-widget-container\">\n\t\t\t\t\t\t\t\t\t\t\t\t\t\t\t\t<a href=\"https:\/\/info.fcf.usp.br\/?page_id=11818\">\n\t\t\t\t\t\t\t<img loading=\"lazy\" decoding=\"async\" width=\"640\" height=\"360\" src=\"https:\/\/info.fcf.usp.br\/wp-content\/uploads\/2025\/09\/Thumbs-Site-4-768x432.png\" class=\"attachment-medium_large size-medium_large wp-image-12599\" alt=\"\" srcset=\"https:\/\/info.fcf.usp.br\/wp-content\/uploads\/2025\/09\/Thumbs-Site-4-768x432.png 768w, https:\/\/info.fcf.usp.br\/wp-content\/uploads\/2025\/09\/Thumbs-Site-4-300x169.png 300w, https:\/\/info.fcf.usp.br\/wp-content\/uploads\/2025\/09\/Thumbs-Site-4-1024x576.png 1024w, https:\/\/info.fcf.usp.br\/wp-content\/uploads\/2025\/09\/Thumbs-Site-4-150x84.png 150w, https:\/\/info.fcf.usp.br\/wp-content\/uploads\/2025\/09\/Thumbs-Site-4.png 1280w\" sizes=\"(max-width: 640px) 100vw, 640px\" \/>\t\t\t\t\t\t\t\t<\/a>\n\t\t\t\t\t\t\t\t\t\t\t\t\t\t\t<\/div>\n\t\t\t\t<\/div>\n\t\t\t\t<div class=\"elementor-element elementor-element-23304b9 elementor-widget elementor-widget-image\" data-id=\"23304b9\" data-element_type=\"widget\" data-e-type=\"widget\" data-widget_type=\"image.default\">\n\t\t\t\t<div class=\"elementor-widget-container\">\n\t\t\t\t\t\t\t\t\t\t\t\t\t\t\t\t<a href=\"https:\/\/info.fcf.usp.br\/?page_id=11823\">\n\t\t\t\t\t\t\t<img loading=\"lazy\" decoding=\"async\" width=\"640\" height=\"360\" src=\"https:\/\/info.fcf.usp.br\/wp-content\/uploads\/2025\/09\/Thumbs-Site-5-768x432.png\" class=\"attachment-medium_large size-medium_large wp-image-12601\" alt=\"\" srcset=\"https:\/\/info.fcf.usp.br\/wp-content\/uploads\/2025\/09\/Thumbs-Site-5-768x432.png 768w, https:\/\/info.fcf.usp.br\/wp-content\/uploads\/2025\/09\/Thumbs-Site-5-300x169.png 300w, https:\/\/info.fcf.usp.br\/wp-content\/uploads\/2025\/09\/Thumbs-Site-5-1024x576.png 1024w, https:\/\/info.fcf.usp.br\/wp-content\/uploads\/2025\/09\/Thumbs-Site-5-150x84.png 150w, https:\/\/info.fcf.usp.br\/wp-content\/uploads\/2025\/09\/Thumbs-Site-5.png 1280w\" sizes=\"(max-width: 640px) 100vw, 640px\" \/>\t\t\t\t\t\t\t\t<\/a>\n\t\t\t\t\t\t\t\t\t\t\t\t\t\t\t<\/div>\n\t\t\t\t<\/div>\n\t\t\t\t<div class=\"elementor-element elementor-element-35db1e0 elementor-widget elementor-widget-text-editor\" data-id=\"35db1e0\" data-element_type=\"widget\" data-e-type=\"widget\" data-widget_type=\"text-editor.default\">\n\t\t\t\t<div class=\"elementor-widget-container\">\n\t\t\t\t\t\t\t\t\t<p>\u200e\u200e \u200e \u200e \u200e \u200e \u200e \u200e \u200e \u200e \u200e \u200e \u200e \u200e \u200e \u200e \u200e \u200e \u200e \u200e \u200e \u200e \u200e \u200e \u200e \u200e \u200e \u200e \u200e\u00a0<\/p>\t\t\t\t\t\t\t\t<\/div>\n\t\t\t\t<\/div>\n\t\t\t\t<div class=\"elementor-element elementor-element-f8de42a elementor-widget elementor-widget-image\" data-id=\"f8de42a\" data-element_type=\"widget\" data-e-type=\"widget\" data-widget_type=\"image.default\">\n\t\t\t\t<div class=\"elementor-widget-container\">\n\t\t\t\t\t\t\t\t\t\t\t\t\t\t\t\t<a href=\"https:\/\/info.fcf.usp.br\/?page_id=11799\">\n\t\t\t\t\t\t\t<img loading=\"lazy\" decoding=\"async\" width=\"640\" height=\"360\" src=\"https:\/\/info.fcf.usp.br\/wp-content\/uploads\/2025\/09\/Thumbs-Site-6-768x432.png\" class=\"attachment-medium_large size-medium_large wp-image-12602\" alt=\"\" srcset=\"https:\/\/info.fcf.usp.br\/wp-content\/uploads\/2025\/09\/Thumbs-Site-6-768x432.png 768w, https:\/\/info.fcf.usp.br\/wp-content\/uploads\/2025\/09\/Thumbs-Site-6-300x169.png 300w, https:\/\/info.fcf.usp.br\/wp-content\/uploads\/2025\/09\/Thumbs-Site-6-1024x576.png 1024w, https:\/\/info.fcf.usp.br\/wp-content\/uploads\/2025\/09\/Thumbs-Site-6-150x84.png 150w, https:\/\/info.fcf.usp.br\/wp-content\/uploads\/2025\/09\/Thumbs-Site-6.png 1280w\" sizes=\"(max-width: 640px) 100vw, 640px\" \/>\t\t\t\t\t\t\t\t<\/a>\n\t\t\t\t\t\t\t\t\t\t\t\t\t\t\t<\/div>\n\t\t\t\t<\/div>\n\t\t\t\t<\/div>\n\t\t<div class=\"elementor-element elementor-element-46e6f5d e-grid e-con-full e-con e-child\" data-id=\"46e6f5d\" data-element_type=\"container\" data-e-type=\"container\">\n\t\t\t\t<\/div>\n\t\t\t\t<\/div>\n\t\t\t\t\t<\/div>\n\t\t\t\t<\/div>\n\t\t\t\t<\/div>\n\t\t","protected":false},"excerpt":{"rendered":"<p>A Comiss\u00e3o de Inclus\u00e3o e Pertencimento (CIP) da FCF-USP atua desde 2023 por meio de&#8230;<\/p>\n","protected":false},"author":18,"featured_media":0,"parent":0,"menu_order":0,"comment_status":"closed","ping_status":"closed","template":"","meta":{"om_disable_all_campaigns":false,"_monsterinsights_skip_tracking":false,"_monsterinsights_sitenote_active":false,"_monsterinsights_sitenote_note":"","_monsterinsights_sitenote_category":0,"_uf_show_specific_survey":0,"_uf_disable_surveys":false,"footnotes":""},"class_list":["post-10611","page","type-page","status-publish","hentry"],"aioseo_notices":[],"_links":{"self":[{"href":"https:\/\/info.fcf.usp.br\/index.php?rest_route=\/wp\/v2\/pages\/10611","targetHints":{"allow":["GET"]}}],"collection":[{"href":"https:\/\/info.fcf.usp.br\/index.php?rest_route=\/wp\/v2\/pages"}],"about":[{"href":"https:\/\/info.fcf.usp.br\/index.php?rest_route=\/wp\/v2\/types\/page"}],"author":[{"embeddable":true,"href":"https:\/\/info.fcf.usp.br\/index.php?rest_route=\/wp\/v2\/users\/18"}],"replies":[{"embeddable":true,"href":"https:\/\/info.fcf.usp.br\/index.php?rest_route=%2Fwp%2Fv2%2Fcomments&post=10611"}],"version-history":[{"count":82,"href":"https:\/\/info.fcf.usp.br\/index.php?rest_route=\/wp\/v2\/pages\/10611\/revisions"}],"predecessor-version":[{"id":12615,"href":"https:\/\/info.fcf.usp.br\/index.php?rest_route=\/wp\/v2\/pages\/10611\/revisions\/12615"}],"wp:attachment":[{"href":"https:\/\/info.fcf.usp.br\/index.php?rest_route=%2Fwp%2Fv2%2Fmedia&parent=10611"}],"curies":[{"name":"wp","href":"https:\/\/api.w.org\/{rel}","templated":true}]}}